{"id":171,"date":"2009-10-21T23:33:52","date_gmt":"2009-10-21T21:33:52","guid":{"rendered":"http:\/\/www.herschdurfer-karneval.de\/?page_id=171"},"modified":"2023-11-12T02:31:37","modified_gmt":"2023-11-12T01:31:37","slug":"galerie","status":"publish","type":"page","link":"http:\/\/www.herschdurfer-karneval.de\/wpr\/?page_id=171","title":{"rendered":"Fotos &#038; Videos"},"content":{"rendered":"\n<p>S\u00e4mtliche Fotogalerien des Herschdurfer Karnevalvereins e.V. sind online in unserer &#8222;Fotokiste&#8220; unter <a href=\"http:\/\/www.herschdurfer-karneval.de\/pwg\/\" target=\"_blank\" rel=\"noopener noreferrer\">http:\/\/www.herschdurfer-karneval.de\/pwg\/<\/a> verf\u00fcgbar. Alle Inhalte dieser Seite unterliegen den Bestimmungen des Urheberrechts. Jede Ver\u00f6ffentlichung, Vervielf\u00e4ltigung und Verwendung ist untersagt. Bei Nichteinhaltung bzw. Zuwiderhandeln werden rechtliche Schritte eingeleitet.<\/p>\n\n\n\n<figure class=\"wp-block-image size-full\"><a href=\"http:\/\/www.herschdurfer-karneval.de\/pwg\/\" target=\"_blank\" rel=\"noreferrer noopener\"><img loading=\"lazy\" decoding=\"async\" width=\"800\" height=\"379\" src=\"http:\/\/www.herschdurfer-karneval.de\/wpr\/wp-content\/uploads\/2023\/11\/Screenshot_Fotokiste.png\" alt=\"\" class=\"wp-image-3794\" srcset=\"http:\/\/www.herschdurfer-karneval.de\/wpr\/wp-content\/uploads\/2023\/11\/Screenshot_Fotokiste.png 800w, http:\/\/www.herschdurfer-karneval.de\/wpr\/wp-content\/uploads\/2023\/11\/Screenshot_Fotokiste-400x190.png 400w, http:\/\/www.herschdurfer-karneval.de\/wpr\/wp-content\/uploads\/2023\/11\/Screenshot_Fotokiste-768x364.png 768w, http:\/\/www.herschdurfer-karneval.de\/wpr\/wp-content\/uploads\/2023\/11\/Screenshot_Fotokiste-150x71.png 150w, http:\/\/www.herschdurfer-karneval.de\/wpr\/wp-content\/uploads\/2023\/11\/Screenshot_Fotokiste-250x118.png 250w\" sizes=\"auto, (max-width: 800px) 100vw, 800px\" \/><\/a><\/figure>\n\n\n\n<p>Dasselbe gilt nat\u00fcrlich auch f\u00fcr <a href=\"https:\/\/www.facebook.com\/pg\/HerschdurferKarneval\/photos\/?tab=albums\" target=\"_blank\" rel=\"noopener noreferrer\">unsere Fotoalben auf facebook<\/a>.<\/p>\n\n\n\n<h4 class=\"wp-block-heading\">Brosch\u00fcren<\/h4>\n\n\n\n<p>Hier findet ihr Brosch\u00fcren, die anl\u00e4sslich fr\u00fcherer Jubil\u00e4umsveranstaltungen erstellt wurden, zum Download. Die Dateien selbst d\u00fcrfen nur unver\u00e4ndert weitergegeben, Inhalte nicht ohne unser Einverst\u00e4ndnis verwendet werden.<\/p>\n\n\n\n<ul class=\"wp-block-list\">\n<li><a href=\"http:\/\/www.herschdurfer-karneval.de\/wpr\/wp-content\/uploads\/2017\/02\/Jubilaeumsbroschuere_15_Jahre_HKV.pdf\" target=\"_blank\" rel=\"noopener noreferrer\">Jubil\u00e4umsbrosch\u00fcre &#8222;15 Jahre HKV&#8220;<\/a> (pdf, 8.2 MB)<\/li>\n\n\n\n<li><a href=\"http:\/\/www.herschdurfer-karneval.de\/wpr\/wp-content\/uploads\/2017\/03\/Jubilaeumsbroschuere_20_Jahre_HKV.pdf\" target=\"_blank\" rel=\"noopener noreferrer\">Jubil\u00e4umsbrosch\u00fcre &#8222;20 Jahre HKV&#8220;<\/a> (pdf, 2.1 MB)<\/li>\n\n\n\n<li><a href=\"http:\/\/www.herschdurfer-karneval.de\/wpr\/wp-content\/uploads\/2018\/04\/Jubilaeumsbroschuere_30_Jahre_HKV.pdf\">Jubil\u00e4umsbrosch\u00fcre &#8222;30 Jahre HKV&#8220;<\/a> (pdf, 10.7 MB)<\/li>\n<\/ul>\n\n\n\n<h4 class=\"wp-block-heading\">Videos<\/h4>\n\n\n\n<h5 class=\"wp-block-heading\">Neulich auf dem Containerplatz (2013)<\/h5>\n\n\n\n<figure class=\"wp-block-video\"><video height=\"576\" style=\"aspect-ratio: 768 \/ 576;\" width=\"768\" controls poster=\"http:\/\/www.herschdurfer-karneval.de\/wpr\/wp-content\/uploads\/2020\/03\/Vorschaubild_Containerplatz.png\" src=\"http:\/\/www.herschdurfer-karneval.de\/wpr\/wp-content\/uploads\/2016\/11\/Neulich-auf-dem-Containerplatz...-Herschdurfer-Karnevalsverein_501682696556065.mp4\"><\/video><figcaption class=\"wp-element-caption\">Dieses Video war Bestandteil unseres Faschingsprogramms 2012-13, welches unter dem Motto stand: &#8222;Der Rettungsschirm ist aufgespannt \u2013 jetzt nehm\u2019s die G\u00f6tter in die Hand!&#8220;<\/figcaption><\/figure>\n\n\n\n<h5>Ice Pool Challenge (2018)<\/h5>\n\n\n\n<figure class=\"wp-block-video\"><video height=\"540\" style=\"aspect-ratio: 720 \/ 540;\" width=\"720\" controls poster=\"http:\/\/www.herschdurfer-karneval.de\/wpr\/wp-content\/uploads\/2020\/03\/Vorschaubild_Ice_Pool_Challenge.png\" src=\"http:\/\/www.herschdurfer-karneval.de\/wpr\/wp-content\/uploads\/2018\/04\/Ice_Pool_Challenge_2018.mp4\"><\/video><figcaption class=\"wp-element-caption\">Mitten in den Vorbereitungen auf unsere gro\u00dfe Jubil\u00e4umsfeier 2018 trudelte die Herausforderung zur Ice Pool Challenge ein, die wir nat\u00fcrlich ohne zu z\u00f6gern annahmen.<\/figcaption><\/figure>\n\n\n\n<h5>Das Drohnenvideo (2019)<\/h5>\n\n\n\n<figure class=\"wp-block-video\"><video height=\"404\" style=\"aspect-ratio: 720 \/ 404;\" width=\"720\" controls poster=\"http:\/\/www.herschdurfer-karneval.de\/wpr\/wp-content\/uploads\/2020\/03\/Vorschaubild_Drohnenvideo.png\" src=\"http:\/\/www.herschdurfer-karneval.de\/wpr\/wp-content\/uploads\/2020\/03\/Drohnenvideo_2019-1.mp4\"><\/video><figcaption class=\"wp-element-caption\">Unser Drohnenvideo, dessen Dreh uns von der Gemeindeverwaltung Mittelherwigsdorf als Wettaufgabe 2019 gestellt wurde.<\/figcaption><\/figure>\n","protected":false},"excerpt":{"rendered":"<p>S\u00e4mtliche Fotogalerien des Herschdurfer Karnevalvereins e.V. sind online in unserer &#8222;Fotokiste&#8220; unter http:\/\/www.herschdurfer-karneval.de\/pwg\/ verf\u00fcgbar. Alle Inhalte dieser Seite unterliegen den Bestimmungen des Urheberrechts. Jede Ver\u00f6ffentlichung, Vervielf\u00e4ltigung und Verwendung ist untersagt. Bei Nichteinhaltung bzw. Zuwiderhandeln werden rechtliche Schritte eingeleitet. Dasselbe gilt nat\u00fcrlich auch f\u00fcr unsere Fotoalben auf facebook. Brosch\u00fcren Hier findet \u2026 <a class=\"continue-reading-link\" href=\"http:\/\/www.herschdurfer-karneval.de\/wpr\/?page_id=171\">Hier klicken f\u00fcr den vollst\u00e4ndigen Artikel. <span class=\"meta-nav\">&rarr; <\/span><\/a><\/p>\n","protected":false},"author":1,"featured_media":0,"parent":0,"menu_order":2,"comment_status":"closed","ping_status":"closed","template":"","meta":{"footnotes":""},"class_list":["post-171","page","type-page","status-publish","hentry"],"yoast_head":"<!-- This site is optimized with the Yoast SEO plugin v26.7 - https:\/\/yoast.com\/wordpress\/plugins\/seo\/ -->\n<title>Fotos &amp; Videos - Herschdurfer Karneval<\/title>\n<meta name=\"robots\" content=\"index, follow, max-snippet:-1, max-image-preview:large, max-video-preview:-1\" \/>\n<link rel=\"canonical\" href=\"http:\/\/www.herschdurfer-karneval.de\/wpr\/?page_id=171\" \/>\n<meta property=\"og:locale\" content=\"de_DE\" \/>\n<meta property=\"og:type\" content=\"article\" \/>\n<meta property=\"og:title\" content=\"Fotos &amp; Videos - Herschdurfer Karneval\" \/>\n<meta property=\"og:description\" content=\"S\u00e4mtliche Fotogalerien des Herschdurfer Karnevalvereins e.V. sind online in unserer &#8222;Fotokiste&#8220; unter http:\/\/www.herschdurfer-karneval.de\/pwg\/ verf\u00fcgbar. Alle Inhalte dieser Seite unterliegen den Bestimmungen des Urheberrechts. Jede Ver\u00f6ffentlichung, Vervielf\u00e4ltigung und Verwendung ist untersagt. Bei Nichteinhaltung bzw. Zuwiderhandeln werden rechtliche Schritte eingeleitet. Dasselbe gilt nat\u00fcrlich auch f\u00fcr unsere Fotoalben auf facebook. Brosch\u00fcren Hier findet \u2026 Hier klicken f\u00fcr den vollst\u00e4ndigen Artikel. &rarr;\" \/>\n<meta property=\"og:url\" content=\"http:\/\/www.herschdurfer-karneval.de\/wpr\/?page_id=171\" \/>\n<meta property=\"og:site_name\" content=\"Herschdurfer Karneval\" \/>\n<meta property=\"article:publisher\" content=\"https:\/\/www.facebook.com\/HerschdurferKarneval\" \/>\n<meta property=\"article:modified_time\" content=\"2023-11-12T01:31:37+00:00\" \/>\n<meta property=\"og:image\" content=\"http:\/\/www.herschdurfer-karneval.de\/wpr\/wp-content\/uploads\/2023\/11\/Screenshot_Fotokiste.png\" \/>\n<meta name=\"twitter:card\" content=\"summary_large_image\" \/>\n<meta name=\"twitter:site\" content=\"@MihedoKarneval\" \/>\n<meta name=\"twitter:label1\" content=\"Gesch\u00e4tzte Lesezeit\" \/>\n\t<meta name=\"twitter:data1\" content=\"2\u00a0Minuten\" \/>\n<script type=\"application\/ld+json\" class=\"yoast-schema-graph\">{\"@context\":\"https:\/\/schema.org\",\"@graph\":[{\"@type\":\"WebPage\",\"@id\":\"http:\/\/www.herschdurfer-karneval.de\/wpr\/?page_id=171\",\"url\":\"http:\/\/www.herschdurfer-karneval.de\/wpr\/?page_id=171\",\"name\":\"Fotos & Videos - Herschdurfer Karneval\",\"isPartOf\":{\"@id\":\"http:\/\/www.herschdurfer-karneval.de\/wpr\/#website\"},\"primaryImageOfPage\":{\"@id\":\"http:\/\/www.herschdurfer-karneval.de\/wpr\/?page_id=171#primaryimage\"},\"image\":{\"@id\":\"http:\/\/www.herschdurfer-karneval.de\/wpr\/?page_id=171#primaryimage\"},\"thumbnailUrl\":\"http:\/\/www.herschdurfer-karneval.de\/wpr\/wp-content\/uploads\/2023\/11\/Screenshot_Fotokiste.png\",\"datePublished\":\"2009-10-21T21:33:52+00:00\",\"dateModified\":\"2023-11-12T01:31:37+00:00\",\"breadcrumb\":{\"@id\":\"http:\/\/www.herschdurfer-karneval.de\/wpr\/?page_id=171#breadcrumb\"},\"inLanguage\":\"de\",\"potentialAction\":[{\"@type\":\"ReadAction\",\"target\":[\"http:\/\/www.herschdurfer-karneval.de\/wpr\/?page_id=171\"]}]},{\"@type\":\"ImageObject\",\"inLanguage\":\"de\",\"@id\":\"http:\/\/www.herschdurfer-karneval.de\/wpr\/?page_id=171#primaryimage\",\"url\":\"http:\/\/www.herschdurfer-karneval.de\/wpr\/wp-content\/uploads\/2023\/11\/Screenshot_Fotokiste.png\",\"contentUrl\":\"http:\/\/www.herschdurfer-karneval.de\/wpr\/wp-content\/uploads\/2023\/11\/Screenshot_Fotokiste.png\",\"width\":800,\"height\":379},{\"@type\":\"BreadcrumbList\",\"@id\":\"http:\/\/www.herschdurfer-karneval.de\/wpr\/?page_id=171#breadcrumb\",\"itemListElement\":[{\"@type\":\"ListItem\",\"position\":1,\"name\":\"Startseite\",\"item\":\"http:\/\/www.herschdurfer-karneval.de\/wpr\"},{\"@type\":\"ListItem\",\"position\":2,\"name\":\"Fotos &#038; Videos\"}]},{\"@type\":\"WebSite\",\"@id\":\"http:\/\/www.herschdurfer-karneval.de\/wpr\/#website\",\"url\":\"http:\/\/www.herschdurfer-karneval.de\/wpr\/\",\"name\":\"Herschdurfer Karneval\",\"description\":\"Die Webpr\u00e4senz des Mittelherwigsdorfer Karnevalsvereins.\",\"publisher\":{\"@id\":\"http:\/\/www.herschdurfer-karneval.de\/wpr\/#organization\"},\"potentialAction\":[{\"@type\":\"SearchAction\",\"target\":{\"@type\":\"EntryPoint\",\"urlTemplate\":\"http:\/\/www.herschdurfer-karneval.de\/wpr\/?s={search_term_string}\"},\"query-input\":{\"@type\":\"PropertyValueSpecification\",\"valueRequired\":true,\"valueName\":\"search_term_string\"}}],\"inLanguage\":\"de\"},{\"@type\":\"Organization\",\"@id\":\"http:\/\/www.herschdurfer-karneval.de\/wpr\/#organization\",\"name\":\"Herschdurfer Karnevalsverein e.V.\",\"alternateName\":\"HKV\",\"url\":\"http:\/\/www.herschdurfer-karneval.de\/wpr\/\",\"logo\":{\"@type\":\"ImageObject\",\"inLanguage\":\"de\",\"@id\":\"http:\/\/www.herschdurfer-karneval.de\/wpr\/#\/schema\/logo\/image\/\",\"url\":\"http:\/\/www.herschdurfer-karneval.de\/wpr\/wp-content\/uploads\/2020\/03\/hkv-logo_800x800_-BonW_noGrad.png\",\"contentUrl\":\"http:\/\/www.herschdurfer-karneval.de\/wpr\/wp-content\/uploads\/2020\/03\/hkv-logo_800x800_-BonW_noGrad.png\",\"width\":800,\"height\":800,\"caption\":\"Herschdurfer Karnevalsverein e.V.\"},\"image\":{\"@id\":\"http:\/\/www.herschdurfer-karneval.de\/wpr\/#\/schema\/logo\/image\/\"},\"sameAs\":[\"https:\/\/www.facebook.com\/HerschdurferKarneval\",\"https:\/\/x.com\/MihedoKarneval\"]}]}<\/script>\n<!-- \/ Yoast SEO plugin. -->","yoast_head_json":{"title":"Fotos & Videos - Herschdurfer Karneval","robots":{"index":"index","follow":"follow","max-snippet":"max-snippet:-1","max-image-preview":"max-image-preview:large","max-video-preview":"max-video-preview:-1"},"canonical":"http:\/\/www.herschdurfer-karneval.de\/wpr\/?page_id=171","og_locale":"de_DE","og_type":"article","og_title":"Fotos & Videos - Herschdurfer Karneval","og_description":"S\u00e4mtliche Fotogalerien des Herschdurfer Karnevalvereins e.V. sind online in unserer &#8222;Fotokiste&#8220; unter http:\/\/www.herschdurfer-karneval.de\/pwg\/ verf\u00fcgbar. Alle Inhalte dieser Seite unterliegen den Bestimmungen des Urheberrechts. Jede Ver\u00f6ffentlichung, Vervielf\u00e4ltigung und Verwendung ist untersagt. Bei Nichteinhaltung bzw. Zuwiderhandeln werden rechtliche Schritte eingeleitet. Dasselbe gilt nat\u00fcrlich auch f\u00fcr unsere Fotoalben auf facebook. Brosch\u00fcren Hier findet \u2026 Hier klicken f\u00fcr den vollst\u00e4ndigen Artikel. &rarr;","og_url":"http:\/\/www.herschdurfer-karneval.de\/wpr\/?page_id=171","og_site_name":"Herschdurfer Karneval","article_publisher":"https:\/\/www.facebook.com\/HerschdurferKarneval","article_modified_time":"2023-11-12T01:31:37+00:00","og_image":[{"url":"http:\/\/www.herschdurfer-karneval.de\/wpr\/wp-content\/uploads\/2023\/11\/Screenshot_Fotokiste.png","type":"","width":"","height":""}],"twitter_card":"summary_large_image","twitter_site":"@MihedoKarneval","twitter_misc":{"Gesch\u00e4tzte Lesezeit":"2\u00a0Minuten"},"schema":{"@context":"https:\/\/schema.org","@graph":[{"@type":"WebPage","@id":"http:\/\/www.herschdurfer-karneval.de\/wpr\/?page_id=171","url":"http:\/\/www.herschdurfer-karneval.de\/wpr\/?page_id=171","name":"Fotos & Videos - Herschdurfer Karneval","isPartOf":{"@id":"http:\/\/www.herschdurfer-karneval.de\/wpr\/#website"},"primaryImageOfPage":{"@id":"http:\/\/www.herschdurfer-karneval.de\/wpr\/?page_id=171#primaryimage"},"image":{"@id":"http:\/\/www.herschdurfer-karneval.de\/wpr\/?page_id=171#primaryimage"},"thumbnailUrl":"http:\/\/www.herschdurfer-karneval.de\/wpr\/wp-content\/uploads\/2023\/11\/Screenshot_Fotokiste.png","datePublished":"2009-10-21T21:33:52+00:00","dateModified":"2023-11-12T01:31:37+00:00","breadcrumb":{"@id":"http:\/\/www.herschdurfer-karneval.de\/wpr\/?page_id=171#breadcrumb"},"inLanguage":"de","potentialAction":[{"@type":"ReadAction","target":["http:\/\/www.herschdurfer-karneval.de\/wpr\/?page_id=171"]}]},{"@type":"ImageObject","inLanguage":"de","@id":"http:\/\/www.herschdurfer-karneval.de\/wpr\/?page_id=171#primaryimage","url":"http:\/\/www.herschdurfer-karneval.de\/wpr\/wp-content\/uploads\/2023\/11\/Screenshot_Fotokiste.png","contentUrl":"http:\/\/www.herschdurfer-karneval.de\/wpr\/wp-content\/uploads\/2023\/11\/Screenshot_Fotokiste.png","width":800,"height":379},{"@type":"BreadcrumbList","@id":"http:\/\/www.herschdurfer-karneval.de\/wpr\/?page_id=171#breadcrumb","itemListElement":[{"@type":"ListItem","position":1,"name":"Startseite","item":"http:\/\/www.herschdurfer-karneval.de\/wpr"},{"@type":"ListItem","position":2,"name":"Fotos &#038; Videos"}]},{"@type":"WebSite","@id":"http:\/\/www.herschdurfer-karneval.de\/wpr\/#website","url":"http:\/\/www.herschdurfer-karneval.de\/wpr\/","name":"Herschdurfer Karneval","description":"Die Webpr\u00e4senz des Mittelherwigsdorfer Karnevalsvereins.","publisher":{"@id":"http:\/\/www.herschdurfer-karneval.de\/wpr\/#organization"},"potentialAction":[{"@type":"SearchAction","target":{"@type":"EntryPoint","urlTemplate":"http:\/\/www.herschdurfer-karneval.de\/wpr\/?s={search_term_string}"},"query-input":{"@type":"PropertyValueSpecification","valueRequired":true,"valueName":"search_term_string"}}],"inLanguage":"de"},{"@type":"Organization","@id":"http:\/\/www.herschdurfer-karneval.de\/wpr\/#organization","name":"Herschdurfer Karnevalsverein e.V.","alternateName":"HKV","url":"http:\/\/www.herschdurfer-karneval.de\/wpr\/","logo":{"@type":"ImageObject","inLanguage":"de","@id":"http:\/\/www.herschdurfer-karneval.de\/wpr\/#\/schema\/logo\/image\/","url":"http:\/\/www.herschdurfer-karneval.de\/wpr\/wp-content\/uploads\/2020\/03\/hkv-logo_800x800_-BonW_noGrad.png","contentUrl":"http:\/\/www.herschdurfer-karneval.de\/wpr\/wp-content\/uploads\/2020\/03\/hkv-logo_800x800_-BonW_noGrad.png","width":800,"height":800,"caption":"Herschdurfer Karnevalsverein e.V."},"image":{"@id":"http:\/\/www.herschdurfer-karneval.de\/wpr\/#\/schema\/logo\/image\/"},"sameAs":["https:\/\/www.facebook.com\/HerschdurferKarneval","https:\/\/x.com\/MihedoKarneval"]}]}},"_links":{"self":[{"href":"http:\/\/www.herschdurfer-karneval.de\/wpr\/index.php?rest_route=\/wp\/v2\/pages\/171","targetHints":{"allow":["GET"]}}],"collection":[{"href":"http:\/\/www.herschdurfer-karneval.de\/wpr\/index.php?rest_route=\/wp\/v2\/pages"}],"about":[{"href":"http:\/\/www.herschdurfer-karneval.de\/wpr\/index.php?rest_route=\/wp\/v2\/types\/page"}],"author":[{"embeddable":true,"href":"http:\/\/www.herschdurfer-karneval.de\/wpr\/index.php?rest_route=\/wp\/v2\/users\/1"}],"replies":[{"embeddable":true,"href":"http:\/\/www.herschdurfer-karneval.de\/wpr\/index.php?rest_route=%2Fwp%2Fv2%2Fcomments&post=171"}],"version-history":[{"count":25,"href":"http:\/\/www.herschdurfer-karneval.de\/wpr\/index.php?rest_route=\/wp\/v2\/pages\/171\/revisions"}],"predecessor-version":[{"id":3795,"href":"http:\/\/www.herschdurfer-karneval.de\/wpr\/index.php?rest_route=\/wp\/v2\/pages\/171\/revisions\/3795"}],"wp:attachment":[{"href":"http:\/\/www.herschdurfer-karneval.de\/wpr\/index.php?rest_route=%2Fwp%2Fv2%2Fmedia&parent=171"}],"curies":[{"name":"wp","href":"https:\/\/api.w.org\/{rel}","templated":true}]}}