{"id":2115,"date":"2017-04-14T13:38:05","date_gmt":"2017-04-14T11:38:05","guid":{"rendered":"http:\/\/www.herschdurfer-karneval.de\/wpr\/?page_id=2115"},"modified":"2022-10-29T16:06:10","modified_gmt":"2022-10-29T14:06:10","slug":"impressum","status":"publish","type":"page","link":"http:\/\/www.herschdurfer-karneval.de\/wpr\/?page_id=2115","title":{"rendered":"Impressum\/Datenschutz"},"content":{"rendered":"<div class=\"impressum\">\n<p>Angaben gem\u00e4\u00df \u00a7 5 TMG<\/p>\n<p>Herschdurfer Karnevalsverein e.V.<br \/>\nVereinshaus Mittelherwigsdorf<br \/>\nStra\u00dfe der Pioniere 39a<br \/>\n02763 Mittelherwigsdorf<\/p>\n<p><script type=\"text\/javascript\"><br \/>\n<!-- document.write(unescape('%54%65%6c%2e%3a%20%2b%34%39%20%33%35%38%33%20%35%36%32%39%30%33%30')); \/\/--><br \/>\n<\/script><\/p>\n<p><strong>Vertreten durch: <\/strong><br \/>\nPaul Roscher<\/p>\n<p><strong>Registereintrag: <\/strong><br \/>\nEintragung im Vereinsregister.<br \/>\nRegistergericht: Dresden<br \/>\nRegisternummer: 14071<\/p>\n<p><strong>Verantwortlich f\u00fcr den Inhalt nach \u00a7 55 Abs. 2 RStV:<\/strong><br \/>\nHerschdurfer Karnevalsverein e.V.<br \/>\nStra\u00dfe der Pioniere 39a<br \/>\n02763 Mittelherwigsdorf<\/p>\n<p><strong>Haftungsausschluss: <\/strong><\/p>\n<p><strong>Haftung f\u00fcr Inhalte<\/strong><\/p>\n<p>Die Inhalte unserer Seiten wurden mit gr\u00f6\u00dfter Sorgfalt erstellt. F\u00fcr die Richtigkeit, Vollst\u00e4ndigkeit und Aktualit\u00e4t der Inhalte k\u00f6nnen wir jedoch keine Gew\u00e4hr \u00fcbernehmen. Als Diensteanbieter sind wir gem\u00e4\u00df \u00a7 7 Abs.1 TMG f\u00fcr eigene Inhalte auf diesen Seiten nach den allgemeinen Gesetzen verantwortlich. Nach \u00a7\u00a7 8 bis 10 TMG sind wir als Diensteanbieter jedoch nicht verpflichtet, \u00fcbermittelte oder gespeicherte fremde Informationen zu \u00fcberwachen oder nach Umst\u00e4nden zu forschen, die auf eine rechtswidrige T\u00e4tigkeit hinweisen. Verpflichtungen zur Entfernung oder Sperrung der Nutzung von Informationen nach den allgemeinen Gesetzen bleiben hiervon unber\u00fchrt. Eine diesbez\u00fcgliche Haftung ist jedoch erst ab dem Zeitpunkt der Kenntnis einer konkreten Rechtsverletzung m\u00f6glich. Bei Bekanntwerden von entsprechenden Rechtsverletzungen werden wir diese Inhalte umgehend entfernen.<\/p>\n<p><strong>Haftung f\u00fcr Links<\/strong><\/p>\n<p>Unser Angebot enth\u00e4lt Links zu externen Webseiten Dritter, auf deren Inhalte wir keinen Einfluss haben. Deshalb k\u00f6nnen wir f\u00fcr diese fremden Inhalte auch keine Gew\u00e4hr \u00fcbernehmen. F\u00fcr die Inhalte der verlinkten Seiten ist stets der jeweilige Anbieter oder Betreiber der Seiten verantwortlich. Die verlinkten Seiten wurden zum Zeitpunkt der Verlinkung auf m\u00f6gliche Rechtsverst\u00f6\u00dfe \u00fcberpr\u00fcft. Rechtswidrige Inhalte waren zum Zeitpunkt der Verlinkung nicht erkennbar. Eine permanente inhaltliche Kontrolle der verlinkten Seiten ist jedoch ohne konkrete Anhaltspunkte einer Rechtsverletzung nicht zumutbar. Bei Bekanntwerden von Rechtsverletzungen werden wir derartige Links umgehend entfernen.<\/p>\n<p><strong>Urheberrecht<\/strong><\/p>\n<p>Die durch die Seitenbetreiber erstellten Inhalte und Werke auf diesen Seiten unterliegen dem deutschen Urheberrecht. Die Vervielf\u00e4ltigung, Bearbeitung, Verbreitung und jede Art der Verwertung au\u00dferhalb der Grenzen des Urheberrechtes bed\u00fcrfen der schriftlichen Zustimmung des jeweiligen Autors bzw. Erstellers. Downloads und Kopien dieser Seite sind nur f\u00fcr den privaten, nicht kommerziellen Gebrauch gestattet. Soweit die Inhalte auf dieser Seite nicht vom Betreiber erstellt wurden, werden die Urheberrechte Dritter beachtet. Insbesondere werden Inhalte Dritter als solche gekennzeichnet. Sollten Sie trotzdem auf eine Urheberrechtsverletzung aufmerksam werden, bitten wir um einen entsprechenden Hinweis. Bei Bekanntwerden von Rechtsverletzungen werden wir derartige Inhalte umgehend entfernen.<\/p>\n<h3><strong>Datenschutz<\/strong><\/h3>\n<p>Die Nutzung unserer Webseite ist in der Regel <strong>ohne Angabe personenbezogener Daten<\/strong> m\u00f6glich. Soweit auf unseren Seiten personenbezogene Daten (beispielsweise Name oder eMail-Adressen) erhoben werden, erfolgt dies stets auf freiwilliger Basis. Diese Daten werden nicht an Dritte weitergegeben.<br \/>\nWir weisen darauf hin, dass die Daten\u00fcbertragung im Internet (z.B. bei der Kommunikation per E-Mail) Sicherheitsl\u00fccken aufweisen kann. Ein l\u00fcckenloser Schutz der Daten vor dem Zugriff durch Dritte ist nicht m\u00f6glich.<br \/>\nDer Nutzung von im Rahmen der Impressumspflicht ver\u00f6ffentlichten Kontaktdaten durch Dritte zur \u00dcbersendung von nicht ausdr\u00fccklich angeforderter Werbung und Informationsmaterialien wird hiermit ausdr\u00fccklich widersprochen. <strong>Die Betreiber der Seiten behalten sich ausdr\u00fccklich rechtliche Schritte im Falle der unverlangten Zusendung von Werbeinformationen, etwa durch Spam-Mails, vor.<\/strong><\/p>\n<p>Im nachfolgenden Text werden die Besucher unserer Onlineangebote als Nutzer bezeichnet.<\/p>\n<\/div>\n<div>\n<p><strong>Allgemeine Informationen<\/strong><\/p>\n<p>Wenn Sie auf unsere Webseite zugreifen, werden automatisch Informationen allgemeiner Natur erfasst. Diese Informationen (Server-Logfiles) beinhalten etwa die Art des Webbrowsers, das verwendete Betriebssystem, den Domainnamen Ihres Internet Service Providers usw.. Hierbei handelt es sich um Informationen, welche keine R\u00fcckschl\u00fcsse auf Ihre Person zulassen. Sie sind technisch notwendig, um von Ihnen angeforderte Inhalte von Webseiten korrekt auszuliefern. und fallen bei Nutzung des Internets zwingend an. Anonyme Informationen dieser Art k\u00f6nnen\u00a0 statistisch ausgewertet werden, um Internetauftritt und die dahinterstehende Technik zu optimieren. Davon machen wir jedoch keinen Gebrauch.<\/p>\n<p><strong>Kontaktaufnahme<\/strong><\/p>\n<p><span class=\"ts-muster-content\">Bei der Kontaktaufnahme mit uns (z.B. per E-Mail oder Telefon) werden Angaben des Nutzers (eMail-Adresse, Telefonnummer) ausschlie\u00dflich zur Aufrechterhaltung der Kommunikation genutzt. Die Angaben der Nutzer werden nicht gespeichert. Sie werden nicht an Dritte weitergegeben.<br \/>\n<\/span><\/p>\n<p><strong>Kommentare und Beitr\u00e4ge<\/strong><\/p>\n<p><span class=\"ts-muster-content\">Wenn Nutzer Kommentare oder sonstige Beitr\u00e4ge hinterlassen, werden ihre IP-Adressen auf Grundlage unserer berechtigten Interessen im Sinne des Art. 6 Abs. 1 lit. f. DSGVO f\u00fcr 7 Tage gespeichert. Das erfolgt zu unserer Sicherheit, falls jemand widerrechtliche Inhalte hinterl\u00e4sst (Beleidigungen, verbotene politische Propaganda, etc.). In diesem Fall k\u00f6nnen wir selbst f\u00fcr den Kommentar oder Beitrag belangt werden und sind daher an der Identit\u00e4t des Verfassers interessiert.<br \/>\n<\/span><\/p>\n<p><strong>Akismet Anti-Spam-Pr\u00fcfung<\/strong><\/p>\n<p><span class=\"ts-muster-content\">Unser Onlineangebot nutzt den Dienst \u201eAkismet\u201c, der von der Automattic Inc., 60 29th Street #343, San Francisco, CA 94110, USA, angeboten wird. Die Nutzung erfolgt auf Grundlage unserer berechtigten Interessen im Sinne des Art. 6 Abs. 1 lit. f) DSGVO. Mit Hilfe dieses Dienstes werden Kommentare echter Menschen von Spam-Kommentaren unterschieden. Dazu werden alle Kommentarangaben an einen Server in den USA verschickt, wo sie analysiert und f\u00fcr Vergleichszwecke vier Tage lang gespeichert werden. Ist ein Kommentar als Spam eingestuft worden, werden die Daten \u00fcber diese Zeit hinaus gespeichert. Zu diesen Angaben geh\u00f6ren der eingegebene Name, die Emailadresse, die IP-Adresse, der Kommentarinhalt, der Referrer, Angaben zum verwendeten Browser sowie dem Computersystem und die Zeit des Eintrags.<\/span><\/p>\n<p>Automattic ist unter dem Privacy-Shield-Abkommen zertifiziert und bietet hierdurch eine Garantie, das europ\u00e4ische Datenschutzrecht einzuhalten (<a href=\"https:\/\/www.privacyshield.gov\/participant?id=a2zt0000000CbqcAAC&amp;status=Active\">https:\/\/www.privacyshield.gov\/participant?id=a2zt0000000CbqcAAC&amp;status=Active<\/a>).<\/p>\n<p>N\u00e4here Informationen zur Erhebung und Nutzung der Daten durch Akismet finden sich in den Datenschutzhinweisen von Automattic: <a href=\"https:\/\/automattic.com\/privacy\/\">https:\/\/automattic.com\/privacy\/<\/a>.<\/p>\n<p>Nutzer k\u00f6nnen gerne Pseudonyme nutzen, oder auf die Eingabe des Namens oder der Emailadresse verzichten. Sie k\u00f6nnen die \u00dcbertragung der Daten komplett verhindern, indem Sie unser Kommentarsystem nicht nutzen. Das w\u00e4re schade, aber leider sehen wir sonst keine Alternativen, die ebenso effektiv arbeiten.<\/p>\n<p><strong>Onlinepr\u00e4senzen in sozialen Medien<\/strong><\/p>\n<p><span class=\"ts-muster-content\">Wir unterhalten Onlinepr\u00e4senzen innerhalb sozialer Netzwerke und Plattformen, um mit dort aktiven Nutzern zu kommunizieren. Beim Aufruf der jeweiligen Netzwerke und Plattformen gelten die Gesch\u00e4ftsbedingungen und die Datenverarbeitungsrichtlinien deren jeweiligen Betreiber. Wir verarbeiten die Daten der dortigen Nutzer nicht, auch wenn diese mit uns innerhalb der sozialen Netzwerke und Plattformen kommunizieren, z.B. Kommentare verfassen oder uns Nachrichten zusenden.<\/span><\/p>\n<p><strong>Einbindung von Diensten und Inhalten Dritter<\/strong><\/p>\n<p><span class=\"ts-muster-content\">Wir setzen innerhalb unseres Onlineangebotes auf Grundlage unserer berechtigten Interessen (haupts\u00e4chlich die Optimierung unseres Onlineangebotes im Sinne des Art. 6 Abs. 1 lit. f. DSGVO) Inhalts- oder Serviceangebote von Drittanbietern ein, um deren Inhalte und Services, wie z.B. Videos oder Schriftarten einzubinden (nachfolgend einheitlich bezeichnet als \u201cInhalte\u201d).<\/span><\/p>\n<p>Dies setzt immer voraus, dass die Drittanbieter dieser Inhalte, die IP-Adresse der Nutzer wahrnehmen, da sie ohne die IP-Adresse die Inhalte nicht an deren Browser senden k\u00f6nnten. Die IP-Adresse ist damit f\u00fcr die Darstellung dieser Inhalte erforderlich. Wir bem\u00fchen uns nur solche Inhalte zu verwenden, deren jeweilige Anbieter die IP-Adresse lediglich zur Auslieferung der Inhalte verwenden. Drittanbieter k\u00f6nnen ferner so genannte Pixel-Tags (unsichtbare Grafiken, auch als &#8222;Web Beacons&#8220; bezeichnet) f\u00fcr statistische oder Marketingzwecke verwenden. Durch die &#8222;Pixel-Tags&#8220; k\u00f6nnen Informationen, wie der Besucherverkehr auf den Seiten dieser Website ausgewertet werden. Die pseudonymen Informationen k\u00f6nnen ferner in Cookies auf dem Ger\u00e4t der Nutzer gespeichert werden und unter anderem technische Informationen zum Browser und Betriebssystem, verweisende Webseiten, Besuchszeit sowie weitere Angaben zur Nutzung unseres Onlineangebotes enthalten, als auch mit solchen Informationen aus anderen Quellen verbunden werden.<\/p>\n<p><strong>Verwendung von Facebook Social Plugins<\/strong><\/p>\n<p><span class=\"ts-muster-content\">Wir nutzen auf Grundlage unserer berechtigten Interessen (d.h. Interesse an der Analyse, Optimierung und wirtschaftlichem Betrieb unseres Onlineangebotes im Sinne des Art. 6 Abs. 1 lit. f. DSGVO) Social Plugins (&#8222;Plugins&#8220;) des sozialen Netzwerkes facebook.com, welches von der Facebook Ireland Ltd., 4 Grand Canal Square, Grand Canal Harbour, Dublin 2, Irland betrieben wird (&#8222;Facebook&#8220;). Die Plugins k\u00f6nnen Interaktionselemente oder Inhalte (z.B. Videos, Grafiken oder Textbeitr\u00e4ge) darstellen und sind an einem der Facebook Logos erkennbar (wei\u00dfes \u201ef\u201c auf blauer Kachel, den Begriffen &#8222;Like&#8220;, &#8222;Gef\u00e4llt mir&#8220; oder einem \u201eDaumen hoch\u201c-Zeichen) oder sind mit dem Zusatz &#8222;Facebook Social Plugin&#8220; gekennzeichnet. Die Liste und das Aussehen der Facebook Social Plugins kann hier eingesehen werden:\u00a0<a href=\"https:\/\/developers.facebook.com\/docs\/plugins\/\">https:\/\/developers.facebook.com\/docs\/plugins\/<\/a>.<\/span><\/p>\n<p>Facebook ist unter dem Privacy-Shield-Abkommen zertifiziert und bietet hierdurch eine Garantie, das europ\u00e4ische Datenschutzrecht einzuhalten (<a href=\"https:\/\/www.privacyshield.gov\/participant?id=a2zt0000000GnywAAC&amp;status=Active\">https:\/\/www.privacyshield.gov\/participant?id=a2zt0000000GnywAAC&amp;status=Active<\/a>).<\/p>\n<p>Wenn ein Nutzer eine Funktion dieses Onlineangebotes aufruft, die ein solches Plugin enth\u00e4lt, baut sein Ger\u00e4t eine direkte Verbindung mit den Servern von Facebook auf. Der Inhalt des Plugins wird von Facebook direkt an das Ger\u00e4t des Nutzers \u00fcbermittelt und von diesem in das Onlineangebot eingebunden. Dabei k\u00f6nnen aus den verarbeiteten Daten Nutzungsprofile der Nutzer erstellt werden. Wir haben daher keinen Einfluss auf den Umfang der Daten, die Facebook mit Hilfe dieses Plugins erhebt und informiert die Nutzer daher entsprechend unserem Kenntnisstand.<\/p>\n<p>Durch die Einbindung der Plugins erh\u00e4lt Facebook die Information, dass ein Nutzer die entsprechende Seite des Onlineangebotes aufgerufen hat. Ist der Nutzer bei Facebook eingeloggt, kann Facebook den Besuch seinem Facebook-Konto zuordnen. Wenn Nutzer mit den Plugins interagieren, zum Beispiel den Like Button bet\u00e4tigen, wird die entsprechende Information von Ihrem Ger\u00e4t direkt an Facebook \u00fcbermittelt und dort gespeichert. Falls ein Nutzer kein Mitglied von Facebook ist, besteht trotzdem die M\u00f6glichkeit, dass Facebook seine IP-Adresse in Erfahrung bringt und speichert. Laut Facebook wird in Deutschland nur eine anonymisierte IP-Adresse gespeichert.<\/p>\n<p>Zweck und Umfang der Datenerhebung und die weitere Verarbeitung und Nutzung der Daten durch Facebook sowie die diesbez\u00fcglichen Rechte und Einstellungsm\u00f6glichkeiten zum Schutz der Privatsph\u00e4re der Nutzer, k\u00f6nnen diese den Datenschutzhinweisen von Facebook entnehmen:\u00a0<a href=\"https:\/\/www.facebook.com\/about\/privacy\/\">https:\/\/www.facebook.com\/about\/privacy\/<\/a>.<\/p>\n<p>Wenn ein Nutzer Facebookmitglied ist und nicht m\u00f6chte, dass Facebook \u00fcber dieses Onlineangebot Daten \u00fcber ihn sammelt und mit seinen bei Facebook gespeicherten Mitgliedsdaten verkn\u00fcpft, muss er sich vor der Nutzung unseres Onlineangebotes bei Facebook ausloggen und seine Cookies l\u00f6schen. Weitere Einstellungen und Widerspr\u00fcche zur Nutzung von Daten f\u00fcr Werbezwecke, sind innerhalb der Facebook-Profileinstellungen m\u00f6glich:\u00a0<a href=\"https:\/\/www.facebook.com\/settings?tab=ads\">https:\/\/www.facebook.com\/settings?tab=ads<\/a> \u00a0oder \u00fcber die US-amerikanische Seite\u00a0<a href=\"http:\/\/www.aboutads.info\/choices\/\">http:\/\/www.aboutads.info\/choices\/<\/a> \u00a0oder die EU-Seite\u00a0<a href=\"http:\/\/www.youronlinechoices.com\/\">http:\/\/www.youronlinechoices.com\/<\/a>. Die Einstellungen erfolgen plattformunabh\u00e4ngig, d.h. sie werden f\u00fcr alle Ger\u00e4te, wie Desktopcomputer oder mobile Ger\u00e4te \u00fcbernommen.<\/p>\n<p><strong>\u00c4nderungen<\/strong><\/p>\n<p>Wir behalten uns vor, diese Datenschutzerkl\u00e4rung gelegentlich anzupassen, damit sie stets den aktuellen rechtlichen Anforderungen entspricht oder um \u00c4nderungen unserer Leistungen in der Datenschutzerkl\u00e4rung umzusetzen, z. B. bei der Einf\u00fchrung neuer Services. F\u00fcr Ihren erneuten Besuch gilt dann die neue Datenschutzerkl\u00e4rung.<\/p>\n<p>Website Impressum von <a href=\"http:\/\/www.impressum-generator.de\">impressum-generator.de<\/a><\/p>\n<p>Datenschutzerkl\u00e4rung erstellt mit Hilfe von <a class=\"dsg1-5\" href=\"https:\/\/datenschutz-generator.de\">Datenschutz-Generator.de von RA Dr. Thomas Schwenke<\/a> und dem <a href=\"https:\/\/www.activemind.de\/datenschutz\/datenschutzhinweis-generator\/\">Datenschutzerkl\u00e4rungs-Generator der activeMind AG<\/a>.<\/p>\n<\/div>\n","protected":false},"excerpt":{"rendered":"<p>Angaben gem\u00e4\u00df \u00a7 5 TMG Herschdurfer Karnevalsverein e.V. Vereinshaus Mittelherwigsdorf Stra\u00dfe der Pioniere 39a 02763 Mittelherwigsdorf Vertreten durch: Paul Roscher Registereintrag: Eintragung im Vereinsregister. Registergericht: Dresden Registernummer: 14071 Verantwortlich f\u00fcr den Inhalt nach \u00a7 55 Abs. 2 RStV: Herschdurfer Karnevalsverein e.V. Stra\u00dfe der Pioniere 39a 02763 Mittelherwigsdorf Haftungsausschluss: Haftung f\u00fcr \u2026 <a class=\"continue-reading-link\" href=\"http:\/\/www.herschdurfer-karneval.de\/wpr\/?page_id=2115\">Hier klicken f\u00fcr den vollst\u00e4ndigen Artikel. <span class=\"meta-nav\">&rarr; <\/span><\/a><\/p>\n","protected":false},"author":1,"featured_media":0,"parent":0,"menu_order":6,"comment_status":"closed","ping_status":"closed","template":"","meta":{"footnotes":""},"class_list":["post-2115","page","type-page","status-publish","hentry"],"yoast_head":"<!-- This site is optimized with the Yoast SEO plugin v26.7 - https:\/\/yoast.com\/wordpress\/plugins\/seo\/ -->\n<title>Impressum\/Datenschutz - Herschdurfer Karneval<\/title>\n<meta name=\"robots\" content=\"index, follow, max-snippet:-1, max-image-preview:large, max-video-preview:-1\" \/>\n<link rel=\"canonical\" href=\"http:\/\/www.herschdurfer-karneval.de\/wpr\/?page_id=2115\" \/>\n<meta property=\"og:locale\" content=\"de_DE\" \/>\n<meta property=\"og:type\" content=\"article\" \/>\n<meta property=\"og:title\" content=\"Impressum\/Datenschutz - Herschdurfer Karneval\" \/>\n<meta property=\"og:description\" content=\"Angaben gem\u00e4\u00df \u00a7 5 TMG Herschdurfer Karnevalsverein e.V. Vereinshaus Mittelherwigsdorf Stra\u00dfe der Pioniere 39a 02763 Mittelherwigsdorf Vertreten durch: Paul Roscher Registereintrag: Eintragung im Vereinsregister. Registergericht: Dresden Registernummer: 14071 Verantwortlich f\u00fcr den Inhalt nach \u00a7 55 Abs. 2 RStV: Herschdurfer Karnevalsverein e.V. Stra\u00dfe der Pioniere 39a 02763 Mittelherwigsdorf Haftungsausschluss: Haftung f\u00fcr \u2026 Hier klicken f\u00fcr den vollst\u00e4ndigen Artikel. &rarr;\" \/>\n<meta property=\"og:url\" content=\"http:\/\/www.herschdurfer-karneval.de\/wpr\/?page_id=2115\" \/>\n<meta property=\"og:site_name\" content=\"Herschdurfer Karneval\" \/>\n<meta property=\"article:publisher\" content=\"https:\/\/www.facebook.com\/HerschdurferKarneval\" \/>\n<meta property=\"article:modified_time\" content=\"2022-10-29T14:06:10+00:00\" \/>\n<meta name=\"twitter:card\" content=\"summary_large_image\" \/>\n<meta name=\"twitter:site\" content=\"@MihedoKarneval\" \/>\n<meta name=\"twitter:label1\" content=\"Gesch\u00e4tzte Lesezeit\" \/>\n\t<meta name=\"twitter:data1\" content=\"9\u00a0Minuten\" \/>\n<script type=\"application\/ld+json\" class=\"yoast-schema-graph\">{\"@context\":\"https:\/\/schema.org\",\"@graph\":[{\"@type\":\"WebPage\",\"@id\":\"http:\/\/www.herschdurfer-karneval.de\/wpr\/?page_id=2115\",\"url\":\"http:\/\/www.herschdurfer-karneval.de\/wpr\/?page_id=2115\",\"name\":\"Impressum\/Datenschutz - Herschdurfer Karneval\",\"isPartOf\":{\"@id\":\"http:\/\/www.herschdurfer-karneval.de\/wpr\/#website\"},\"datePublished\":\"2017-04-14T11:38:05+00:00\",\"dateModified\":\"2022-10-29T14:06:10+00:00\",\"breadcrumb\":{\"@id\":\"http:\/\/www.herschdurfer-karneval.de\/wpr\/?page_id=2115#breadcrumb\"},\"inLanguage\":\"de\",\"potentialAction\":[{\"@type\":\"ReadAction\",\"target\":[\"http:\/\/www.herschdurfer-karneval.de\/wpr\/?page_id=2115\"]}]},{\"@type\":\"BreadcrumbList\",\"@id\":\"http:\/\/www.herschdurfer-karneval.de\/wpr\/?page_id=2115#breadcrumb\",\"itemListElement\":[{\"@type\":\"ListItem\",\"position\":1,\"name\":\"Startseite\",\"item\":\"http:\/\/www.herschdurfer-karneval.de\/wpr\"},{\"@type\":\"ListItem\",\"position\":2,\"name\":\"Impressum\/Datenschutz\"}]},{\"@type\":\"WebSite\",\"@id\":\"http:\/\/www.herschdurfer-karneval.de\/wpr\/#website\",\"url\":\"http:\/\/www.herschdurfer-karneval.de\/wpr\/\",\"name\":\"Herschdurfer Karneval\",\"description\":\"Die Webpr\u00e4senz des Mittelherwigsdorfer Karnevalsvereins.\",\"publisher\":{\"@id\":\"http:\/\/www.herschdurfer-karneval.de\/wpr\/#organization\"},\"potentialAction\":[{\"@type\":\"SearchAction\",\"target\":{\"@type\":\"EntryPoint\",\"urlTemplate\":\"http:\/\/www.herschdurfer-karneval.de\/wpr\/?s={search_term_string}\"},\"query-input\":{\"@type\":\"PropertyValueSpecification\",\"valueRequired\":true,\"valueName\":\"search_term_string\"}}],\"inLanguage\":\"de\"},{\"@type\":\"Organization\",\"@id\":\"http:\/\/www.herschdurfer-karneval.de\/wpr\/#organization\",\"name\":\"Herschdurfer Karnevalsverein e.V.\",\"alternateName\":\"HKV\",\"url\":\"http:\/\/www.herschdurfer-karneval.de\/wpr\/\",\"logo\":{\"@type\":\"ImageObject\",\"inLanguage\":\"de\",\"@id\":\"http:\/\/www.herschdurfer-karneval.de\/wpr\/#\/schema\/logo\/image\/\",\"url\":\"http:\/\/www.herschdurfer-karneval.de\/wpr\/wp-content\/uploads\/2020\/03\/hkv-logo_800x800_-BonW_noGrad.png\",\"contentUrl\":\"http:\/\/www.herschdurfer-karneval.de\/wpr\/wp-content\/uploads\/2020\/03\/hkv-logo_800x800_-BonW_noGrad.png\",\"width\":800,\"height\":800,\"caption\":\"Herschdurfer Karnevalsverein e.V.\"},\"image\":{\"@id\":\"http:\/\/www.herschdurfer-karneval.de\/wpr\/#\/schema\/logo\/image\/\"},\"sameAs\":[\"https:\/\/www.facebook.com\/HerschdurferKarneval\",\"https:\/\/x.com\/MihedoKarneval\"]}]}<\/script>\n<!-- \/ Yoast SEO plugin. -->","yoast_head_json":{"title":"Impressum\/Datenschutz - Herschdurfer Karneval","robots":{"index":"index","follow":"follow","max-snippet":"max-snippet:-1","max-image-preview":"max-image-preview:large","max-video-preview":"max-video-preview:-1"},"canonical":"http:\/\/www.herschdurfer-karneval.de\/wpr\/?page_id=2115","og_locale":"de_DE","og_type":"article","og_title":"Impressum\/Datenschutz - Herschdurfer Karneval","og_description":"Angaben gem\u00e4\u00df \u00a7 5 TMG Herschdurfer Karnevalsverein e.V. Vereinshaus Mittelherwigsdorf Stra\u00dfe der Pioniere 39a 02763 Mittelherwigsdorf Vertreten durch: Paul Roscher Registereintrag: Eintragung im Vereinsregister. Registergericht: Dresden Registernummer: 14071 Verantwortlich f\u00fcr den Inhalt nach \u00a7 55 Abs. 2 RStV: Herschdurfer Karnevalsverein e.V. Stra\u00dfe der Pioniere 39a 02763 Mittelherwigsdorf Haftungsausschluss: Haftung f\u00fcr \u2026 Hier klicken f\u00fcr den vollst\u00e4ndigen Artikel. &rarr;","og_url":"http:\/\/www.herschdurfer-karneval.de\/wpr\/?page_id=2115","og_site_name":"Herschdurfer Karneval","article_publisher":"https:\/\/www.facebook.com\/HerschdurferKarneval","article_modified_time":"2022-10-29T14:06:10+00:00","twitter_card":"summary_large_image","twitter_site":"@MihedoKarneval","twitter_misc":{"Gesch\u00e4tzte Lesezeit":"9\u00a0Minuten"},"schema":{"@context":"https:\/\/schema.org","@graph":[{"@type":"WebPage","@id":"http:\/\/www.herschdurfer-karneval.de\/wpr\/?page_id=2115","url":"http:\/\/www.herschdurfer-karneval.de\/wpr\/?page_id=2115","name":"Impressum\/Datenschutz - Herschdurfer Karneval","isPartOf":{"@id":"http:\/\/www.herschdurfer-karneval.de\/wpr\/#website"},"datePublished":"2017-04-14T11:38:05+00:00","dateModified":"2022-10-29T14:06:10+00:00","breadcrumb":{"@id":"http:\/\/www.herschdurfer-karneval.de\/wpr\/?page_id=2115#breadcrumb"},"inLanguage":"de","potentialAction":[{"@type":"ReadAction","target":["http:\/\/www.herschdurfer-karneval.de\/wpr\/?page_id=2115"]}]},{"@type":"BreadcrumbList","@id":"http:\/\/www.herschdurfer-karneval.de\/wpr\/?page_id=2115#breadcrumb","itemListElement":[{"@type":"ListItem","position":1,"name":"Startseite","item":"http:\/\/www.herschdurfer-karneval.de\/wpr"},{"@type":"ListItem","position":2,"name":"Impressum\/Datenschutz"}]},{"@type":"WebSite","@id":"http:\/\/www.herschdurfer-karneval.de\/wpr\/#website","url":"http:\/\/www.herschdurfer-karneval.de\/wpr\/","name":"Herschdurfer Karneval","description":"Die Webpr\u00e4senz des Mittelherwigsdorfer Karnevalsvereins.","publisher":{"@id":"http:\/\/www.herschdurfer-karneval.de\/wpr\/#organization"},"potentialAction":[{"@type":"SearchAction","target":{"@type":"EntryPoint","urlTemplate":"http:\/\/www.herschdurfer-karneval.de\/wpr\/?s={search_term_string}"},"query-input":{"@type":"PropertyValueSpecification","valueRequired":true,"valueName":"search_term_string"}}],"inLanguage":"de"},{"@type":"Organization","@id":"http:\/\/www.herschdurfer-karneval.de\/wpr\/#organization","name":"Herschdurfer Karnevalsverein e.V.","alternateName":"HKV","url":"http:\/\/www.herschdurfer-karneval.de\/wpr\/","logo":{"@type":"ImageObject","inLanguage":"de","@id":"http:\/\/www.herschdurfer-karneval.de\/wpr\/#\/schema\/logo\/image\/","url":"http:\/\/www.herschdurfer-karneval.de\/wpr\/wp-content\/uploads\/2020\/03\/hkv-logo_800x800_-BonW_noGrad.png","contentUrl":"http:\/\/www.herschdurfer-karneval.de\/wpr\/wp-content\/uploads\/2020\/03\/hkv-logo_800x800_-BonW_noGrad.png","width":800,"height":800,"caption":"Herschdurfer Karnevalsverein e.V."},"image":{"@id":"http:\/\/www.herschdurfer-karneval.de\/wpr\/#\/schema\/logo\/image\/"},"sameAs":["https:\/\/www.facebook.com\/HerschdurferKarneval","https:\/\/x.com\/MihedoKarneval"]}]}},"_links":{"self":[{"href":"http:\/\/www.herschdurfer-karneval.de\/wpr\/index.php?rest_route=\/wp\/v2\/pages\/2115","targetHints":{"allow":["GET"]}}],"collection":[{"href":"http:\/\/www.herschdurfer-karneval.de\/wpr\/index.php?rest_route=\/wp\/v2\/pages"}],"about":[{"href":"http:\/\/www.herschdurfer-karneval.de\/wpr\/index.php?rest_route=\/wp\/v2\/types\/page"}],"author":[{"embeddable":true,"href":"http:\/\/www.herschdurfer-karneval.de\/wpr\/index.php?rest_route=\/wp\/v2\/users\/1"}],"replies":[{"embeddable":true,"href":"http:\/\/www.herschdurfer-karneval.de\/wpr\/index.php?rest_route=%2Fwp%2Fv2%2Fcomments&post=2115"}],"version-history":[{"count":13,"href":"http:\/\/www.herschdurfer-karneval.de\/wpr\/index.php?rest_route=\/wp\/v2\/pages\/2115\/revisions"}],"predecessor-version":[{"id":3583,"href":"http:\/\/www.herschdurfer-karneval.de\/wpr\/index.php?rest_route=\/wp\/v2\/pages\/2115\/revisions\/3583"}],"wp:attachment":[{"href":"http:\/\/www.herschdurfer-karneval.de\/wpr\/index.php?rest_route=%2Fwp%2Fv2%2Fmedia&parent=2115"}],"curies":[{"name":"wp","href":"https:\/\/api.w.org\/{rel}","templated":true}]}}