{"id":3145,"date":"2020-03-07T16:43:53","date_gmt":"2020-03-07T15:43:53","guid":{"rendered":"http:\/\/www.herschdurfer-karneval.de\/wpr\/?page_id=3145"},"modified":"2022-11-13T13:56:43","modified_gmt":"2022-11-13T12:56:43","slug":"elferrat-co","status":"publish","type":"page","link":"http:\/\/www.herschdurfer-karneval.de\/wpr\/?page_id=3145","title":{"rendered":"Elferrat &#038; Co."},"content":{"rendered":"\n<figure class=\"wp-block-gallery has-nested-images columns-3 is-cropped wp-block-gallery-1 is-layout-flex wp-block-gallery-is-layout-flex\">\n<figure class=\"wp-block-image\"><img loading=\"lazy\" decoding=\"async\" width=\"600\" height=\"600\" data-id=\"3149\" src=\"http:\/\/www.herschdurfer-karneval.de\/wpr\/wp-content\/uploads\/2020\/03\/hkv-logo_800x800_-BonW_noGrad-600x600.png\" alt=\"\" class=\"wp-image-3149\" srcset=\"http:\/\/www.herschdurfer-karneval.de\/wpr\/wp-content\/uploads\/2020\/03\/hkv-logo_800x800_-BonW_noGrad-600x600.png 600w, http:\/\/www.herschdurfer-karneval.de\/wpr\/wp-content\/uploads\/2020\/03\/hkv-logo_800x800_-BonW_noGrad-150x150.png 150w, http:\/\/www.herschdurfer-karneval.de\/wpr\/wp-content\/uploads\/2020\/03\/hkv-logo_800x800_-BonW_noGrad-300x300.png 300w, http:\/\/www.herschdurfer-karneval.de\/wpr\/wp-content\/uploads\/2020\/03\/hkv-logo_800x800_-BonW_noGrad-768x768.png 768w, http:\/\/www.herschdurfer-karneval.de\/wpr\/wp-content\/uploads\/2020\/03\/hkv-logo_800x800_-BonW_noGrad.png 800w\" sizes=\"auto, (max-width: 600px) 100vw, 600px\" \/><\/figure>\n\n\n\n<figure class=\"wp-block-image\"><img loading=\"lazy\" decoding=\"async\" width=\"390\" height=\"600\" data-id=\"2535\" src=\"http:\/\/www.herschdurfer-karneval.de\/wpr\/wp-content\/uploads\/2018\/06\/Portrait_PRoscher-390x600.jpg\" alt=\"\" class=\"wp-image-2535\" srcset=\"http:\/\/www.herschdurfer-karneval.de\/wpr\/wp-content\/uploads\/2018\/06\/Portrait_PRoscher-390x600.jpg 390w, http:\/\/www.herschdurfer-karneval.de\/wpr\/wp-content\/uploads\/2018\/06\/Portrait_PRoscher-195x300.jpg 195w, http:\/\/www.herschdurfer-karneval.de\/wpr\/wp-content\/uploads\/2018\/06\/Portrait_PRoscher-98x150.jpg 98w, http:\/\/www.herschdurfer-karneval.de\/wpr\/wp-content\/uploads\/2018\/06\/Portrait_PRoscher.jpg 400w\" sizes=\"auto, (max-width: 390px) 100vw, 390px\" \/><figcaption class=\"wp-element-caption\">Pr\u00e4sident Paul Roscher<\/figcaption><\/figure>\n\n\n\n<figure class=\"wp-block-image\"><img loading=\"lazy\" decoding=\"async\" width=\"385\" height=\"600\" data-id=\"2541\" src=\"http:\/\/www.herschdurfer-karneval.de\/wpr\/wp-content\/uploads\/2018\/06\/Portrait_JStein-385x600.jpg\" alt=\"\" class=\"wp-image-2541\" srcset=\"http:\/\/www.herschdurfer-karneval.de\/wpr\/wp-content\/uploads\/2018\/06\/Portrait_JStein-385x600.jpg 385w, http:\/\/www.herschdurfer-karneval.de\/wpr\/wp-content\/uploads\/2018\/06\/Portrait_JStein-192x300.jpg 192w, http:\/\/www.herschdurfer-karneval.de\/wpr\/wp-content\/uploads\/2018\/06\/Portrait_JStein-96x150.jpg 96w, http:\/\/www.herschdurfer-karneval.de\/wpr\/wp-content\/uploads\/2018\/06\/Portrait_JStein.jpg 400w\" sizes=\"auto, (max-width: 385px) 100vw, 385px\" \/><figcaption class=\"wp-element-caption\">J\u00f6rg Stein \u2013 Minister f\u00fcr diplomatische Verwicklung und Vize-Pr\u00e4sident<\/figcaption><\/figure>\n\n\n\n<figure class=\"wp-block-image\"><img loading=\"lazy\" decoding=\"async\" width=\"390\" height=\"600\" data-id=\"2626\" src=\"http:\/\/www.herschdurfer-karneval.de\/wpr\/wp-content\/uploads\/2018\/06\/Portrait_HKerber-390x600.jpg\" alt=\"\" class=\"wp-image-2626\" srcset=\"http:\/\/www.herschdurfer-karneval.de\/wpr\/wp-content\/uploads\/2018\/06\/Portrait_HKerber-390x600.jpg 390w, http:\/\/www.herschdurfer-karneval.de\/wpr\/wp-content\/uploads\/2018\/06\/Portrait_HKerber-195x300.jpg 195w, http:\/\/www.herschdurfer-karneval.de\/wpr\/wp-content\/uploads\/2018\/06\/Portrait_HKerber-98x150.jpg 98w, http:\/\/www.herschdurfer-karneval.de\/wpr\/wp-content\/uploads\/2018\/06\/Portrait_HKerber.jpg 400w\" sizes=\"auto, (max-width: 390px) 100vw, 390px\" \/><figcaption class=\"wp-element-caption\">Henry Kerber &#8211; Minister f\u00fcr Be- und Entspannung<\/figcaption><\/figure>\n\n\n\n<figure class=\"wp-block-image\"><img loading=\"lazy\" decoding=\"async\" width=\"387\" height=\"600\" data-id=\"2579\" src=\"http:\/\/www.herschdurfer-karneval.de\/wpr\/wp-content\/uploads\/2018\/06\/Portrait_RSchimpf-387x600.jpg\" alt=\"\" class=\"wp-image-2579\" srcset=\"http:\/\/www.herschdurfer-karneval.de\/wpr\/wp-content\/uploads\/2018\/06\/Portrait_RSchimpf-387x600.jpg 387w, http:\/\/www.herschdurfer-karneval.de\/wpr\/wp-content\/uploads\/2018\/06\/Portrait_RSchimpf-194x300.jpg 194w, http:\/\/www.herschdurfer-karneval.de\/wpr\/wp-content\/uploads\/2018\/06\/Portrait_RSchimpf-97x150.jpg 97w, http:\/\/www.herschdurfer-karneval.de\/wpr\/wp-content\/uploads\/2018\/06\/Portrait_RSchimpf.jpg 400w\" sizes=\"auto, (max-width: 387px) 100vw, 387px\" \/><figcaption class=\"wp-element-caption\">Romy Schimpf &#8211; Ministerin f\u00fcr Jugendarbeit und Nachwuchsf\u00f6rderung<\/figcaption><\/figure>\n\n\n\n<figure class=\"wp-block-image\"><img loading=\"lazy\" decoding=\"async\" width=\"400\" height=\"600\" data-id=\"2558\" src=\"http:\/\/www.herschdurfer-karneval.de\/wpr\/wp-content\/uploads\/2018\/06\/Portrait_KStein-400x600.jpg\" alt=\"\" class=\"wp-image-2558\" srcset=\"http:\/\/www.herschdurfer-karneval.de\/wpr\/wp-content\/uploads\/2018\/06\/Portrait_KStein.jpg 400w, http:\/\/www.herschdurfer-karneval.de\/wpr\/wp-content\/uploads\/2018\/06\/Portrait_KStein-200x300.jpg 200w, http:\/\/www.herschdurfer-karneval.de\/wpr\/wp-content\/uploads\/2018\/06\/Portrait_KStein-100x150.jpg 100w\" sizes=\"auto, (max-width: 400px) 100vw, 400px\" \/><figcaption class=\"wp-element-caption\">Kerstin Stein &#8211; Ministerin f\u00fcr Gesch\u00fctteltes und Ger\u00fchrtes<\/figcaption><\/figure>\n\n\n\n<figure class=\"wp-block-image\"><img loading=\"lazy\" decoding=\"async\" width=\"389\" height=\"600\" data-id=\"2587\" src=\"http:\/\/www.herschdurfer-karneval.de\/wpr\/wp-content\/uploads\/2018\/06\/Portrait_TSchaefer-389x600.jpg\" alt=\"\" class=\"wp-image-2587\" srcset=\"http:\/\/www.herschdurfer-karneval.de\/wpr\/wp-content\/uploads\/2018\/06\/Portrait_TSchaefer-389x600.jpg 389w, http:\/\/www.herschdurfer-karneval.de\/wpr\/wp-content\/uploads\/2018\/06\/Portrait_TSchaefer-194x300.jpg 194w, http:\/\/www.herschdurfer-karneval.de\/wpr\/wp-content\/uploads\/2018\/06\/Portrait_TSchaefer-97x150.jpg 97w, http:\/\/www.herschdurfer-karneval.de\/wpr\/wp-content\/uploads\/2018\/06\/Portrait_TSchaefer.jpg 400w\" sizes=\"auto, (max-width: 389px) 100vw, 389px\" \/><figcaption class=\"wp-element-caption\">Tobias Sch\u00e4fer &#8211; Minister f\u00fcr au\u00dfergew\u00f6hnliche Vorkommnisse<\/figcaption><\/figure>\n\n\n\n<figure class=\"wp-block-image\"><img loading=\"lazy\" decoding=\"async\" width=\"386\" height=\"600\" data-id=\"2550\" src=\"http:\/\/www.herschdurfer-karneval.de\/wpr\/wp-content\/uploads\/2018\/06\/Portrait_DLoesel-386x600.jpg\" alt=\"\" class=\"wp-image-2550\" srcset=\"http:\/\/www.herschdurfer-karneval.de\/wpr\/wp-content\/uploads\/2018\/06\/Portrait_DLoesel-386x600.jpg 386w, http:\/\/www.herschdurfer-karneval.de\/wpr\/wp-content\/uploads\/2018\/06\/Portrait_DLoesel-193x300.jpg 193w, http:\/\/www.herschdurfer-karneval.de\/wpr\/wp-content\/uploads\/2018\/06\/Portrait_DLoesel-97x150.jpg 97w, http:\/\/www.herschdurfer-karneval.de\/wpr\/wp-content\/uploads\/2018\/06\/Portrait_DLoesel.jpg 400w\" sizes=\"auto, (max-width: 386px) 100vw, 386px\" \/><figcaption class=\"wp-element-caption\">Daniel L\u00f6sel &#8211; Innenminister<\/figcaption><\/figure>\n\n\n\n<figure class=\"wp-block-image\"><img loading=\"lazy\" decoding=\"async\" width=\"378\" height=\"600\" data-id=\"2552\" src=\"http:\/\/www.herschdurfer-karneval.de\/wpr\/wp-content\/uploads\/2018\/06\/Question-378x600.png\" alt=\"\" class=\"wp-image-2552\" srcset=\"http:\/\/www.herschdurfer-karneval.de\/wpr\/wp-content\/uploads\/2018\/06\/Question-378x600.png 378w, http:\/\/www.herschdurfer-karneval.de\/wpr\/wp-content\/uploads\/2018\/06\/Question-189x300.png 189w, http:\/\/www.herschdurfer-karneval.de\/wpr\/wp-content\/uploads\/2018\/06\/Question-95x150.png 95w, http:\/\/www.herschdurfer-karneval.de\/wpr\/wp-content\/uploads\/2018\/06\/Question.png 504w\" sizes=\"auto, (max-width: 378px) 100vw, 378px\" \/><figcaption class=\"wp-element-caption\">Mirko Quauck &#8211; Finanzminister<\/figcaption><\/figure>\n<\/figure>\n\n\n\n<figure class=\"wp-block-image\"><img loading=\"lazy\" decoding=\"async\" width=\"800\" height=\"800\" src=\"http:\/\/www.herschdurfer-karneval.de\/wpr\/wp-content\/uploads\/2018\/11\/Foto_Funken_201811.jpg\" alt=\"\" class=\"wp-image-2851\" srcset=\"http:\/\/www.herschdurfer-karneval.de\/wpr\/wp-content\/uploads\/2018\/11\/Foto_Funken_201811.jpg 800w, http:\/\/www.herschdurfer-karneval.de\/wpr\/wp-content\/uploads\/2018\/11\/Foto_Funken_201811-150x150.jpg 150w, http:\/\/www.herschdurfer-karneval.de\/wpr\/wp-content\/uploads\/2018\/11\/Foto_Funken_201811-300x300.jpg 300w, http:\/\/www.herschdurfer-karneval.de\/wpr\/wp-content\/uploads\/2018\/11\/Foto_Funken_201811-768x768.jpg 768w, http:\/\/www.herschdurfer-karneval.de\/wpr\/wp-content\/uploads\/2018\/11\/Foto_Funken_201811-600x600.jpg 600w\" sizes=\"auto, (max-width: 800px) 100vw, 800px\" \/><figcaption class=\"wp-element-caption\">Unsere Funken Nancy Roscher (Ministerin f\u00fcr Getanztes und Gestolpertes), Juliane H\u00e4nel, Yvonne Sch\u00e4fer und Kim Stein<\/figcaption><\/figure>\n","protected":false},"excerpt":{"rendered":"","protected":false},"author":1,"featured_media":0,"parent":0,"menu_order":1,"comment_status":"closed","ping_status":"closed","template":"","meta":{"footnotes":""},"class_list":["post-3145","page","type-page","status-publish","hentry"],"yoast_head":"<!-- This site is optimized with the Yoast SEO plugin v26.7 - https:\/\/yoast.com\/wordpress\/plugins\/seo\/ -->\n<title>Elferrat &amp; Co. - Herschdurfer Karneval<\/title>\n<meta name=\"robots\" content=\"index, follow, max-snippet:-1, max-image-preview:large, max-video-preview:-1\" \/>\n<link rel=\"canonical\" href=\"http:\/\/www.herschdurfer-karneval.de\/wpr\/?page_id=3145\" \/>\n<meta property=\"og:locale\" content=\"de_DE\" \/>\n<meta property=\"og:type\" content=\"article\" \/>\n<meta property=\"og:title\" content=\"Elferrat &amp; Co. - Herschdurfer Karneval\" \/>\n<meta property=\"og:url\" content=\"http:\/\/www.herschdurfer-karneval.de\/wpr\/?page_id=3145\" \/>\n<meta property=\"og:site_name\" content=\"Herschdurfer Karneval\" \/>\n<meta property=\"article:publisher\" content=\"https:\/\/www.facebook.com\/HerschdurferKarneval\" \/>\n<meta property=\"article:modified_time\" content=\"2022-11-13T12:56:43+00:00\" \/>\n<meta property=\"og:image\" content=\"http:\/\/www.herschdurfer-karneval.de\/wpr\/wp-content\/uploads\/2020\/03\/hkv-logo_800x800_-BonW_noGrad-600x600.png\" \/>\n<meta name=\"twitter:card\" content=\"summary_large_image\" \/>\n<meta name=\"twitter:site\" content=\"@MihedoKarneval\" \/>\n<meta name=\"twitter:label1\" content=\"Gesch\u00e4tzte Lesezeit\" \/>\n\t<meta name=\"twitter:data1\" content=\"3\u00a0Minuten\" \/>\n<script type=\"application\/ld+json\" class=\"yoast-schema-graph\">{\"@context\":\"https:\/\/schema.org\",\"@graph\":[{\"@type\":\"WebPage\",\"@id\":\"http:\/\/www.herschdurfer-karneval.de\/wpr\/?page_id=3145\",\"url\":\"http:\/\/www.herschdurfer-karneval.de\/wpr\/?page_id=3145\",\"name\":\"Elferrat & Co. - Herschdurfer Karneval\",\"isPartOf\":{\"@id\":\"http:\/\/www.herschdurfer-karneval.de\/wpr\/#website\"},\"primaryImageOfPage\":{\"@id\":\"http:\/\/www.herschdurfer-karneval.de\/wpr\/?page_id=3145#primaryimage\"},\"image\":{\"@id\":\"http:\/\/www.herschdurfer-karneval.de\/wpr\/?page_id=3145#primaryimage\"},\"thumbnailUrl\":\"http:\/\/www.herschdurfer-karneval.de\/wpr\/wp-content\/uploads\/2020\/03\/hkv-logo_800x800_-BonW_noGrad-600x600.png\",\"datePublished\":\"2020-03-07T15:43:53+00:00\",\"dateModified\":\"2022-11-13T12:56:43+00:00\",\"breadcrumb\":{\"@id\":\"http:\/\/www.herschdurfer-karneval.de\/wpr\/?page_id=3145#breadcrumb\"},\"inLanguage\":\"de\",\"potentialAction\":[{\"@type\":\"ReadAction\",\"target\":[\"http:\/\/www.herschdurfer-karneval.de\/wpr\/?page_id=3145\"]}]},{\"@type\":\"ImageObject\",\"inLanguage\":\"de\",\"@id\":\"http:\/\/www.herschdurfer-karneval.de\/wpr\/?page_id=3145#primaryimage\",\"url\":\"http:\/\/www.herschdurfer-karneval.de\/wpr\/wp-content\/uploads\/2020\/03\/hkv-logo_800x800_-BonW_noGrad.png\",\"contentUrl\":\"http:\/\/www.herschdurfer-karneval.de\/wpr\/wp-content\/uploads\/2020\/03\/hkv-logo_800x800_-BonW_noGrad.png\",\"width\":800,\"height\":800},{\"@type\":\"BreadcrumbList\",\"@id\":\"http:\/\/www.herschdurfer-karneval.de\/wpr\/?page_id=3145#breadcrumb\",\"itemListElement\":[{\"@type\":\"ListItem\",\"position\":1,\"name\":\"Startseite\",\"item\":\"http:\/\/www.herschdurfer-karneval.de\/wpr\"},{\"@type\":\"ListItem\",\"position\":2,\"name\":\"Elferrat &#038; Co.\"}]},{\"@type\":\"WebSite\",\"@id\":\"http:\/\/www.herschdurfer-karneval.de\/wpr\/#website\",\"url\":\"http:\/\/www.herschdurfer-karneval.de\/wpr\/\",\"name\":\"Herschdurfer Karneval\",\"description\":\"Die Webpr\u00e4senz des Mittelherwigsdorfer Karnevalsvereins.\",\"publisher\":{\"@id\":\"http:\/\/www.herschdurfer-karneval.de\/wpr\/#organization\"},\"potentialAction\":[{\"@type\":\"SearchAction\",\"target\":{\"@type\":\"EntryPoint\",\"urlTemplate\":\"http:\/\/www.herschdurfer-karneval.de\/wpr\/?s={search_term_string}\"},\"query-input\":{\"@type\":\"PropertyValueSpecification\",\"valueRequired\":true,\"valueName\":\"search_term_string\"}}],\"inLanguage\":\"de\"},{\"@type\":\"Organization\",\"@id\":\"http:\/\/www.herschdurfer-karneval.de\/wpr\/#organization\",\"name\":\"Herschdurfer Karnevalsverein e.V.\",\"alternateName\":\"HKV\",\"url\":\"http:\/\/www.herschdurfer-karneval.de\/wpr\/\",\"logo\":{\"@type\":\"ImageObject\",\"inLanguage\":\"de\",\"@id\":\"http:\/\/www.herschdurfer-karneval.de\/wpr\/#\/schema\/logo\/image\/\",\"url\":\"http:\/\/www.herschdurfer-karneval.de\/wpr\/wp-content\/uploads\/2020\/03\/hkv-logo_800x800_-BonW_noGrad.png\",\"contentUrl\":\"http:\/\/www.herschdurfer-karneval.de\/wpr\/wp-content\/uploads\/2020\/03\/hkv-logo_800x800_-BonW_noGrad.png\",\"width\":800,\"height\":800,\"caption\":\"Herschdurfer Karnevalsverein e.V.\"},\"image\":{\"@id\":\"http:\/\/www.herschdurfer-karneval.de\/wpr\/#\/schema\/logo\/image\/\"},\"sameAs\":[\"https:\/\/www.facebook.com\/HerschdurferKarneval\",\"https:\/\/x.com\/MihedoKarneval\"]}]}<\/script>\n<!-- \/ Yoast SEO plugin. -->","yoast_head_json":{"title":"Elferrat & Co. - Herschdurfer Karneval","robots":{"index":"index","follow":"follow","max-snippet":"max-snippet:-1","max-image-preview":"max-image-preview:large","max-video-preview":"max-video-preview:-1"},"canonical":"http:\/\/www.herschdurfer-karneval.de\/wpr\/?page_id=3145","og_locale":"de_DE","og_type":"article","og_title":"Elferrat & Co. - Herschdurfer Karneval","og_url":"http:\/\/www.herschdurfer-karneval.de\/wpr\/?page_id=3145","og_site_name":"Herschdurfer Karneval","article_publisher":"https:\/\/www.facebook.com\/HerschdurferKarneval","article_modified_time":"2022-11-13T12:56:43+00:00","og_image":[{"url":"http:\/\/www.herschdurfer-karneval.de\/wpr\/wp-content\/uploads\/2020\/03\/hkv-logo_800x800_-BonW_noGrad-600x600.png","type":"","width":"","height":""}],"twitter_card":"summary_large_image","twitter_site":"@MihedoKarneval","twitter_misc":{"Gesch\u00e4tzte Lesezeit":"3\u00a0Minuten"},"schema":{"@context":"https:\/\/schema.org","@graph":[{"@type":"WebPage","@id":"http:\/\/www.herschdurfer-karneval.de\/wpr\/?page_id=3145","url":"http:\/\/www.herschdurfer-karneval.de\/wpr\/?page_id=3145","name":"Elferrat & Co. - Herschdurfer Karneval","isPartOf":{"@id":"http:\/\/www.herschdurfer-karneval.de\/wpr\/#website"},"primaryImageOfPage":{"@id":"http:\/\/www.herschdurfer-karneval.de\/wpr\/?page_id=3145#primaryimage"},"image":{"@id":"http:\/\/www.herschdurfer-karneval.de\/wpr\/?page_id=3145#primaryimage"},"thumbnailUrl":"http:\/\/www.herschdurfer-karneval.de\/wpr\/wp-content\/uploads\/2020\/03\/hkv-logo_800x800_-BonW_noGrad-600x600.png","datePublished":"2020-03-07T15:43:53+00:00","dateModified":"2022-11-13T12:56:43+00:00","breadcrumb":{"@id":"http:\/\/www.herschdurfer-karneval.de\/wpr\/?page_id=3145#breadcrumb"},"inLanguage":"de","potentialAction":[{"@type":"ReadAction","target":["http:\/\/www.herschdurfer-karneval.de\/wpr\/?page_id=3145"]}]},{"@type":"ImageObject","inLanguage":"de","@id":"http:\/\/www.herschdurfer-karneval.de\/wpr\/?page_id=3145#primaryimage","url":"http:\/\/www.herschdurfer-karneval.de\/wpr\/wp-content\/uploads\/2020\/03\/hkv-logo_800x800_-BonW_noGrad.png","contentUrl":"http:\/\/www.herschdurfer-karneval.de\/wpr\/wp-content\/uploads\/2020\/03\/hkv-logo_800x800_-BonW_noGrad.png","width":800,"height":800},{"@type":"BreadcrumbList","@id":"http:\/\/www.herschdurfer-karneval.de\/wpr\/?page_id=3145#breadcrumb","itemListElement":[{"@type":"ListItem","position":1,"name":"Startseite","item":"http:\/\/www.herschdurfer-karneval.de\/wpr"},{"@type":"ListItem","position":2,"name":"Elferrat &#038; Co."}]},{"@type":"WebSite","@id":"http:\/\/www.herschdurfer-karneval.de\/wpr\/#website","url":"http:\/\/www.herschdurfer-karneval.de\/wpr\/","name":"Herschdurfer Karneval","description":"Die Webpr\u00e4senz des Mittelherwigsdorfer Karnevalsvereins.","publisher":{"@id":"http:\/\/www.herschdurfer-karneval.de\/wpr\/#organization"},"potentialAction":[{"@type":"SearchAction","target":{"@type":"EntryPoint","urlTemplate":"http:\/\/www.herschdurfer-karneval.de\/wpr\/?s={search_term_string}"},"query-input":{"@type":"PropertyValueSpecification","valueRequired":true,"valueName":"search_term_string"}}],"inLanguage":"de"},{"@type":"Organization","@id":"http:\/\/www.herschdurfer-karneval.de\/wpr\/#organization","name":"Herschdurfer Karnevalsverein e.V.","alternateName":"HKV","url":"http:\/\/www.herschdurfer-karneval.de\/wpr\/","logo":{"@type":"ImageObject","inLanguage":"de","@id":"http:\/\/www.herschdurfer-karneval.de\/wpr\/#\/schema\/logo\/image\/","url":"http:\/\/www.herschdurfer-karneval.de\/wpr\/wp-content\/uploads\/2020\/03\/hkv-logo_800x800_-BonW_noGrad.png","contentUrl":"http:\/\/www.herschdurfer-karneval.de\/wpr\/wp-content\/uploads\/2020\/03\/hkv-logo_800x800_-BonW_noGrad.png","width":800,"height":800,"caption":"Herschdurfer Karnevalsverein e.V."},"image":{"@id":"http:\/\/www.herschdurfer-karneval.de\/wpr\/#\/schema\/logo\/image\/"},"sameAs":["https:\/\/www.facebook.com\/HerschdurferKarneval","https:\/\/x.com\/MihedoKarneval"]}]}},"_links":{"self":[{"href":"http:\/\/www.herschdurfer-karneval.de\/wpr\/index.php?rest_route=\/wp\/v2\/pages\/3145","targetHints":{"allow":["GET"]}}],"collection":[{"href":"http:\/\/www.herschdurfer-karneval.de\/wpr\/index.php?rest_route=\/wp\/v2\/pages"}],"about":[{"href":"http:\/\/www.herschdurfer-karneval.de\/wpr\/index.php?rest_route=\/wp\/v2\/types\/page"}],"author":[{"embeddable":true,"href":"http:\/\/www.herschdurfer-karneval.de\/wpr\/index.php?rest_route=\/wp\/v2\/users\/1"}],"replies":[{"embeddable":true,"href":"http:\/\/www.herschdurfer-karneval.de\/wpr\/index.php?rest_route=%2Fwp%2Fv2%2Fcomments&post=3145"}],"version-history":[{"count":5,"href":"http:\/\/www.herschdurfer-karneval.de\/wpr\/index.php?rest_route=\/wp\/v2\/pages\/3145\/revisions"}],"predecessor-version":[{"id":3610,"href":"http:\/\/www.herschdurfer-karneval.de\/wpr\/index.php?rest_route=\/wp\/v2\/pages\/3145\/revisions\/3610"}],"wp:attachment":[{"href":"http:\/\/www.herschdurfer-karneval.de\/wpr\/index.php?rest_route=%2Fwp%2Fv2%2Fmedia&parent=3145"}],"curies":[{"name":"wp","href":"https:\/\/api.w.org\/{rel}","templated":true}]}}